{"id":36,"date":"2026-01-30T14:25:37","date_gmt":"2026-01-30T14:25:37","guid":{"rendered":"https:\/\/matchcutcollective.com\/hakkimizda\/"},"modified":"2026-02-07T09:50:14","modified_gmt":"2026-02-07T09:50:14","slug":"kolektif","status":"publish","type":"page","link":"https:\/\/matchcutcollective.com\/en\/kolektif\/","title":{"rendered":"Collective"},"content":{"rendered":"\n<div class=\"wp-block-group alignfull is-style-ext-preset--group--natural-1--section has-foreground-background-color has-background has-global-padding is-layout-constrained wp-container-core-group-is-layout-843e5a6d wp-block-group-is-layout-constrained\" id=\"hakkimizda\" style=\"margin-top:0;margin-bottom:0;padding-top:var(--wp--preset--spacing--70);padding-bottom:var(--wp--preset--spacing--70)\">\n<div class=\"wp-block-group alignwide is-vertical is-content-justification-center is-layout-flex wp-container-core-group-is-layout-c9ee0c5a wp-block-group-is-layout-flex\">\n<div class=\"wp-block-group has-global-padding is-layout-constrained wp-container-core-group-is-layout-2287c683 wp-block-group-is-layout-constrained\">\n<h2 class=\"wp-block-heading has-text-align-center has-background-color has-text-color has-link-color wp-elements-fba9a15f4c406a23b10e0853e61d2aa5\">Aram\u0131za Kat\u0131l!<\/h2>\n\n\n\n<p class=\"has-text-align-center has-background-color has-text-color has-link-color wp-elements-9fe7700d1a893b096e9aba3c00e1bd67\">MatchCut Collective, haz\u0131r bir yap\u0131 de\u011fil &#8211; birlikte kurulan bir topluluk. \u015eu an her \u015fey yeni ba\u015fl\u0131yor ve \u015fekilleniyor. Ne yapaca\u011f\u0131m\u0131za, nas\u0131l b\u00fcy\u00fcyece\u011fimize birlikte karar veriyoruz.<\/p>\n\n\n\n<p class=\"has-text-align-center has-background-color has-text-color has-link-color wp-elements-d9bc4910a5e82b8158ebf5cf741ad394\">Formu doldurarak toplulu\u011fun bir par\u00e7as\u0131 olabilirsin. Etkinliklerden haberdar olursun, fikirlerini payla\u015f\u0131rs\u0131n, belki bir sonraki projenin ekibini burada bulursun.<\/p>\n\n\n\n<p class=\"has-text-align-center has-background-color has-text-color has-link-color wp-elements-33da1427e4feec434ba0b0b21840969c\">Kim oldu\u011fun, ne kadar tecr\u00fcbeli oldu\u011fun \u00f6nemli de\u011fil. Ankara&#8217;da film yapmak istiyorsan, do\u011fru yerdesin.<\/p>\n<\/div>\n<\/div>\n<\/div>\n\n\n\n<div class=\"wp-block-columns is-layout-flex wp-container-core-columns-is-layout-28f84493 wp-block-columns-is-layout-flex\">\n<div class=\"wp-block-column is-layout-flow wp-block-column-is-layout-flow\" style=\"flex-basis:100%\">\n<div class=\"wp-block-group alignfull is-style-ext-preset--group--natural-1--section has-background-color has-foreground-background-color has-text-color has-background has-link-color wp-elements-7184577a785608391488cc208c739879 has-global-padding is-layout-constrained wp-container-core-group-is-layout-22c0ae63 wp-block-group-is-layout-constrained\" id=\"takim\" style=\"margin-top:0;margin-bottom:0;padding-top:var(--wp--preset--spacing--70);padding-bottom:var(--wp--preset--spacing--70);background-image:url(&apos;http:\/\/matchcutcollective.com\/wp-content\/uploads\/2026\/01\/Black.png&apos;);background-size:cover;background-attachment:fixed;\">\n<div class=\"wp-block-group alignwide is-vertical is-content-justification-center is-layout-flex wp-container-core-group-is-layout-c9ee0c5a wp-block-group-is-layout-flex\">\n<div class=\"wp-block-group has-global-padding is-layout-constrained wp-container-core-group-is-layout-2287c683 wp-block-group-is-layout-constrained\">\n<h2 class=\"wp-block-heading has-text-align-center has-foreground-color has-text-color has-link-color wp-elements-bd7919e4dca76499ef728d50bede7ce8\">Kat\u0131l\u0131m Formu<\/h2>\n<\/div>\n<\/div>\n\n\n\n<iframe data-tally-src=\"https:\/\/tally.so\/embed\/RGoAM4?alignLeft=1&#038;hideTitle=1&#038;transparentBackground=1&#038;dynamicHeight=1\" loading=\"lazy\" width=\"100%\" height=\"3438\" frameborder=\"0\" marginheight=\"0\" marginwidth=\"0\" title=\"MatchCut Collective: Ankara\u2019da Film Yapmak Art\u0131k Daha Az Yaln\u0131z\"><\/iframe>\n<script>var d=document,w=\"https:\/\/tally.so\/widgets\/embed.js\",v=function(){\"undefined\"!=typeof Tally?Tally.loadEmbeds():d.querySelectorAll(\"iframe[data-tally-src]:not([src])\").forEach((function(e){e.src=e.dataset.tallySrc}))};if(\"undefined\"!=typeof Tally)v();else if(d.querySelector('script[src=\"'+w+'\"]')==null){var s=d.createElement(\"script\");s.src=w,s.onload=v,s.onerror=v,d.body.appendChild(s);}<\/script>\n<\/div>\n<\/div>\n<\/div>\n","protected":false},"excerpt":{"rendered":"<p>Aram\u0131za Kat\u0131l! MatchCut Collective, haz\u0131r bir yap\u0131 de\u011fil &#8211; birlikte kurulan bir topluluk. \u015eu an her \u015fey yeni ba\u015fl\u0131yor ve \u015fekilleniyor. Ne yapaca\u011f\u0131m\u0131za, nas\u0131l b\u00fcy\u00fcyece\u011fimize birlikte karar veriyoruz. Formu doldurarak toplulu\u011fun bir par\u00e7as\u0131 olabilirsin. Etkinliklerden haberdar olursun, fikirlerini payla\u015f\u0131rs\u0131n, belki bir sonraki projenin ekibini burada bulursun. Kim oldu\u011fun, ne kadar tecr\u00fcbeli oldu\u011fun \u00f6nemli de\u011fil. Ankara&#8217;da [&hellip;]<\/p>\n","protected":false},"author":1,"featured_media":0,"parent":0,"menu_order":0,"comment_status":"closed","ping_status":"closed","template":"page-with-title","meta":{"footnotes":""},"class_list":["post-36","page","type-page","status-publish","hentry"],"_links":{"self":[{"href":"https:\/\/matchcutcollective.com\/en\/wp-json\/wp\/v2\/pages\/36","targetHints":{"allow":["GET"]}}],"collection":[{"href":"https:\/\/matchcutcollective.com\/en\/wp-json\/wp\/v2\/pages"}],"about":[{"href":"https:\/\/matchcutcollective.com\/en\/wp-json\/wp\/v2\/types\/page"}],"author":[{"embeddable":true,"href":"https:\/\/matchcutcollective.com\/en\/wp-json\/wp\/v2\/users\/1"}],"replies":[{"embeddable":true,"href":"https:\/\/matchcutcollective.com\/en\/wp-json\/wp\/v2\/comments?post=36"}],"version-history":[{"count":9,"href":"https:\/\/matchcutcollective.com\/en\/wp-json\/wp\/v2\/pages\/36\/revisions"}],"predecessor-version":[{"id":119,"href":"https:\/\/matchcutcollective.com\/en\/wp-json\/wp\/v2\/pages\/36\/revisions\/119"}],"wp:attachment":[{"href":"https:\/\/matchcutcollective.com\/en\/wp-json\/wp\/v2\/media?parent=36"}],"curies":[{"name":"wp","href":"https:\/\/api.w.org\/{rel}","templated":true}]}}