{"id":38,"date":"2026-04-17T14:20:13","date_gmt":"2026-04-17T11:20:13","guid":{"rendered":"https:\/\/matchcutcollective.com\/ozel-teklifler\/"},"modified":"2026-04-17T22:18:37","modified_gmt":"2026-04-17T19:18:37","slug":"gr848hrs","status":"publish","type":"page","link":"https:\/\/matchcutcollective.com\/en\/gr848hrs\/","title":{"rendered":"GR8 48HRS Short Film Competition"},"content":{"rendered":"<div class=\"wp-block-group alignfull is-style-ext-preset--group--natural-1--section has-background-color has-foreground-background-color has-text-color has-background has-link-color wp-elements-4aa34b326f4d3beae0d0af9848682be1 has-global-padding is-layout-constrained wp-block-group-is-layout-constrained\" style=\"margin-top:0;margin-bottom:0;padding-top:var(--wp--preset--spacing--70);padding-bottom:var(--wp--preset--spacing--70)\">\n<div class=\"wp-block-columns alignwide are-vertically-aligned-center is-layout-flex wp-container-core-columns-is-layout-174606dc wp-block-columns-is-layout-flex\">\n<div class=\"wp-block-column is-vertically-aligned-center is-layout-flow wp-block-column-is-layout-flow\">\n<figure class=\"wp-block-image size-large is-style-ext-preset--image--natural-1--image-1--content-right extendify-image-import is-style-ext-preset--image--natural-1--image-1--content-right--2\"><img loading=\"lazy\" decoding=\"async\" width=\"1024\" height=\"683\" src=\"https:\/\/matchcutcollective.com\/wp-content\/uploads\/2026\/04\/P1023151-1024x683.jpg\" alt=\"\" class=\"wp-image-170\" style=\"aspect-ratio:4\/3;object-fit:cover\" srcset=\"https:\/\/matchcutcollective.com\/wp-content\/uploads\/2026\/04\/P1023151-1024x683.jpg 1024w, https:\/\/matchcutcollective.com\/wp-content\/uploads\/2026\/04\/P1023151-300x200.jpg 300w, https:\/\/matchcutcollective.com\/wp-content\/uploads\/2026\/04\/P1023151-768x512.jpg 768w, https:\/\/matchcutcollective.com\/wp-content\/uploads\/2026\/04\/P1023151-1536x1024.jpg 1536w, https:\/\/matchcutcollective.com\/wp-content\/uploads\/2026\/04\/P1023151-18x12.jpg 18w, https:\/\/matchcutcollective.com\/wp-content\/uploads\/2026\/04\/P1023151.jpg 1920w\" sizes=\"auto, (max-width: 1024px) 100vw, 1024px\" \/><\/figure>\n<\/div>\n\n\n\n<div class=\"wp-block-column is-vertically-aligned-center is-layout-flow wp-block-column-is-layout-flow\">\n<div class=\"wp-block-group alignwide is-vertical is-layout-flex wp-container-core-group-is-layout-c35747d5 wp-block-group-is-layout-flex\">\n<div class=\"wp-block-group has-global-padding is-layout-constrained wp-container-core-group-is-layout-dd32767c wp-block-group-is-layout-constrained\">\n<p><\/p>\n\n\n\n<h2 class=\"wp-block-heading\"><strong>\u0130lk Yar\u0131\u015fmam\u0131z Tamamland\u0131!<\/strong><\/h2>\n\n\n\n<p>Match Cut Collective&#8217;in ilk resmi 48 saatlik k\u0131sa film yar\u0131\u015fmas\u0131 GR8 48HRS, 15 Nisan ak\u015fam\u0131 K\u00fclt Kavakl\u0131dere Yan Salon&#8217;da ger\u00e7ekle\u015fen g\u00f6sterim ve \u00f6d\u00fcl t\u00f6reniyle tamamland\u0131. 23 ba\u015fvurunun 19&#8217;u halka a\u00e7\u0131k g\u00f6sterimde yer ald\u0131. 212 oyla seyirci \u00f6d\u00fcl\u00fc g\u00f6sterimler sonras\u0131 belirlendi. <\/p>\n\n\n\n<p><\/p>\n\n\n\n<p><\/p>\n<\/div>\n<\/div>\n<\/div>\n<\/div>\n<\/div>\n\n\n\n<div class=\"wp-block-group alignfull is-style-ext-preset--group--natural-1--section has-primary-background-color has-background has-global-padding is-layout-constrained wp-block-group-is-layout-constrained\" id=\"hakkimizda\" style=\"margin-top:0;margin-bottom:0;padding-top:var(--wp--preset--spacing--70);padding-bottom:var(--wp--preset--spacing--70)\">\n<div class=\"wp-block-group alignwide has-foreground-color has-text-color has-link-color wp-elements-c0fab8c10fbc9be0593342596e1202d5 is-vertical is-content-justification-center is-layout-flex wp-container-core-group-is-layout-c9ee0c5a wp-block-group-is-layout-flex\">\n<div class=\"wp-block-group has-global-padding is-layout-constrained wp-container-core-group-is-layout-2287c683 wp-block-group-is-layout-constrained\">\n<p class=\"has-text-align-center has-background-color has-text-color has-link-color wp-elements-7fee4dd118c27b8b3c5e1f5fdb855277\">Bu yar\u0131\u015fman\u0131n temas\u0131 ve y\u00f6nergesi buydu:<\/p>\n\n\n\n<p class=\"has-text-align-center has-background-color has-text-color has-link-color wp-elements-cf9efd250903d297a427cd944ebbe9a2\"><strong>Tema: <\/strong>Yerel iz.<\/p>\n\n\n\n<p class=\"has-text-align-center has-background-color has-text-color has-link-color wp-elements-0f1bfcc8edbe912e06849c90c4534542\"><strong>Y\u00f6nerge: <\/strong><em>Bir kar\u015f\u0131la\u015fma iz b\u0131rak\u0131r.<\/em><\/p>\n\n\n\n<p class=\"has-text-align-center has-background-color has-text-color has-link-color wp-elements-e69cec21ee07dfec395b8d7f701c13b2\"><em>Ya\u015fad\u0131\u011f\u0131n yer zamanla seni etkiler. \u0130nsanlar, sokaklar ve g\u00fcnl\u00fck hayat\u0131n ritmi; d\u00fc\u015f\u00fcnme bi\u00e7imini ve hayat\u0131n\u0131 nas\u0131l ya\u015fad\u0131\u011f\u0131n\u0131 \u015fekillendirir. Bir noktada, bir \u015fey seni bulur. Bir insan, bir yer, bir nesne ya da bir an. Bize o an\u0131n hikayesini ve bir insan\u0131n hayat\u0131nda b\u0131rakt\u0131\u011f\u0131 izi anlat\u0131n. \u0130z; duygusal, fiziksel, sembolik ya da beklenmedik bir \u015fekilde ortaya \u00e7\u0131kabilir.<\/em><\/p>\n\n\n\n<p class=\"has-text-align-center has-background-color has-text-color has-link-color wp-elements-db98c9aaf22e278c67dc2a3efafb863d\"><strong>Birincilik ve Seyirci \u00d6d\u00fcl\u00fc<\/strong><\/p>\n\n\n\n<p class=\"has-text-align-center has-background-color has-text-color has-link-color wp-elements-7e79ee1c5c8e189c6f5aafb7ab69fd22\"><strong> \u2018Serukanu\u2019<\/strong> <br>Y\u00f6netmen: Yama\u00e7 \u0130bano\u011flu<br>Yap\u0131m: Sekizk\u0131rk<br>G\u00f6r\u00fcnt\u00fc Y\u00f6netmeni: Deniz G\u00f6\u00e7men<br>Kurgu: Taha Bayramo\u011flu<br>Oyuncular: Berke Benli &amp; Serkan Kavakl\u0131<\/p>\n\n\n\n<p class=\"has-text-align-center has-background-color has-text-color has-link-color wp-elements-9070884823d14f8b35902717f9eec921\"><strong>\u0130kincilik \u00d6d\u00fcl\u00fc<\/strong><\/p>\n\n\n\n<p class=\"has-text-align-center has-background-color has-text-color has-link-color wp-elements-50d13e5a8969937c198da9f578b82d54\"><strong>\u2018City Marks\u2019<\/strong><br>Y\u00f6netmen &amp; Kurgu: Naz \u00d6nen G\u00fcndo\u011fdu<br>Yap\u0131mc\u0131: Derya \u00c7atal<br>Orijinal M\u00fczik: Deniz Tekin, Dilan Balkay &amp; Geeva Flava<br>Oyuncular: \u00d6zbir Erciyas &amp; Vardal \u00c7ani\u015f<\/p>\n\n\n\n<p class=\"has-text-align-center has-background-color has-text-color has-link-color wp-elements-3ee05e51169cab2d458a05d134cc3dae\"><strong>\u00dc\u00e7\u00fcnc\u00fcl\u00fck<\/strong> <strong>\u00d6d\u00fcl\u00fc<\/strong><\/p>\n\n\n\n<p class=\"has-text-align-center has-background-color has-text-color has-link-color wp-elements-8fa7683591447ecc580c8007b8675ee1\"><strong>\u2018Hepsi Benim\u2019<\/strong><br>Y\u00f6netmen: Derya Deniz Kutum<br>Kurgu: Zehranur Kutum<br>Oyuncu: G\u00f6khan Kutum<\/p>\n<\/div>\n<\/div>\n<\/div>\n\n\n\n<div class=\"wp-block-columns is-layout-flex wp-container-core-columns-is-layout-28f84493 wp-block-columns-is-layout-flex\"><\/div>","protected":false},"excerpt":{"rendered":"<p>\u0130lk Yar\u0131\u015fmam\u0131z Tamamland\u0131! Match Cut Collective&#8217;in ilk resmi 48 saatlik k\u0131sa film yar\u0131\u015fmas\u0131 GR8 48HRS, 15 Nisan ak\u015fam\u0131 K\u00fclt Kavakl\u0131dere Yan Salon&#8217;da ger\u00e7ekle\u015fen g\u00f6sterim ve \u00f6d\u00fcl t\u00f6reniyle tamamland\u0131. 23 ba\u015fvurunun 19&#8217;u halka a\u00e7\u0131k g\u00f6sterimde yer ald\u0131. 212 oyla seyirci \u00f6d\u00fcl\u00fc g\u00f6sterimler sonras\u0131 belirlendi. Bu yar\u0131\u015fman\u0131n temas\u0131 ve y\u00f6nergesi buydu: Tema: Yerel iz. Y\u00f6nerge: Bir kar\u015f\u0131la\u015fma [&hellip;]<\/p>\n","protected":false},"author":1,"featured_media":0,"parent":0,"menu_order":0,"comment_status":"closed","ping_status":"closed","template":"page-with-title","meta":{"footnotes":""},"class_list":["post-38","page","type-page","status-publish","hentry"],"_links":{"self":[{"href":"https:\/\/matchcutcollective.com\/en\/wp-json\/wp\/v2\/pages\/38","targetHints":{"allow":["GET"]}}],"collection":[{"href":"https:\/\/matchcutcollective.com\/en\/wp-json\/wp\/v2\/pages"}],"about":[{"href":"https:\/\/matchcutcollective.com\/en\/wp-json\/wp\/v2\/types\/page"}],"author":[{"embeddable":true,"href":"https:\/\/matchcutcollective.com\/en\/wp-json\/wp\/v2\/users\/1"}],"replies":[{"embeddable":true,"href":"https:\/\/matchcutcollective.com\/en\/wp-json\/wp\/v2\/comments?post=38"}],"version-history":[{"count":15,"href":"https:\/\/matchcutcollective.com\/en\/wp-json\/wp\/v2\/pages\/38\/revisions"}],"predecessor-version":[{"id":175,"href":"https:\/\/matchcutcollective.com\/en\/wp-json\/wp\/v2\/pages\/38\/revisions\/175"}],"wp:attachment":[{"href":"https:\/\/matchcutcollective.com\/en\/wp-json\/wp\/v2\/media?parent=38"}],"curies":[{"name":"wp","href":"https:\/\/api.w.org\/{rel}","templated":true}]}}