{"id":39,"date":"2026-01-30T14:25:39","date_gmt":"2026-01-30T14:25:39","guid":{"rendered":"https:\/\/matchcutcollective.com\/hizmetler\/"},"modified":"2026-03-19T12:56:53","modified_gmt":"2026-03-19T12:56:53","slug":"etkinlikler","status":"publish","type":"page","link":"https:\/\/matchcutcollective.com\/en\/etkinlikler\/","title":{"rendered":"Events"},"content":{"rendered":"<div class=\"wp-block-group alignfull is-style-ext-preset--group--natural-1--section has-background-background-color has-background has-global-padding is-layout-constrained wp-container-core-group-is-layout-e955bbaf wp-block-group-is-layout-constrained\" id=\"etkinlikler\" style=\"margin-top:0;margin-bottom:0;padding-top:var(--wp--preset--spacing--70);padding-bottom:var(--wp--preset--spacing--70)\">\n<div class=\"wp-block-group alignwide is-vertical is-content-justification-left is-layout-flex wp-container-core-group-is-layout-214d3d4d wp-block-group-is-layout-flex\">\n<div class=\"wp-block-group has-global-padding is-layout-constrained wp-container-core-group-is-layout-2287c683 wp-block-group-is-layout-constrained\">\n<h2 class=\"wp-block-heading\">Upcoming Events<\/h2>\n\n\n\n<p><\/p>\n<\/div>\n<\/div>\n\n\n\n<div class=\"wp-block-columns alignwide is-layout-flex wp-container-core-columns-is-layout-08c01c1c wp-block-columns-is-layout-flex\">\n<div class=\"wp-block-column is-vertically-aligned-stretch is-layout-flow wp-block-column-is-layout-flow\">\n<div class=\"wp-block-group is-style-ext-preset--group--natural-1--item-card-1--align-start has-global-padding is-layout-constrained wp-block-group-is-layout-constrained is-style-ext-preset--group--natural-1--item-card-1--align-start--2\">\n<div class=\"wp-block-group is-style-default has-global-padding is-layout-constrained wp-block-group-is-layout-constrained\">\n<h3 class=\"wp-block-heading\">Match Cut Collective Networking Night Second Edition<\/h3>\n\n\n\n<p>24 March Tuesday<br>\ud83d\udd61 18.30 &#8211; 22.00<br>\ud83d\udccd Tenedos Pub Ankara<\/p>\n\n\n\n<p>We\u2019re inviting everyone in Ankara who makes films, wants to make films, or simply wants to touch this world in any way to join us for our second gathering.<\/p>\n\n\n\n<p>Our aim is simple: to meet, to talk, and to discover together who is creating what in the city.<\/p>\n\n\n\n<p>It\u2019s open to anyone who wants to build new connections.<\/p>\n<\/div>\n<\/div>\n<\/div>\n\n\n\n<div class=\"wp-block-column is-vertically-aligned-stretch is-layout-flow wp-block-column-is-layout-flow\">\n<div class=\"wp-block-group is-style-ext-preset--group--natural-1--item-card-1--align-start has-global-padding is-layout-constrained wp-block-group-is-layout-constrained is-style-ext-preset--group--natural-1--item-card-1--align-start--3\">\n<div class=\"wp-block-group is-style-default has-global-padding is-layout-constrained wp-block-group-is-layout-constrained\">\n<h3 class=\"wp-block-heading\">GR8 48HRS Short Film Competition Screening Night<\/h3>\n\n\n\n<p>\ud83d\udcc5 15 April 2026<br>\ud83d\udd61  19.00<br>\ud83d\udccd K\u00fclt Kavakl\u0131dere &#8211; Yan Salon<\/p>\n\n\n\n<p>Following the 48-hour film marathon that took place on March 13\u201315, we\u2019re coming together to watch all the films created during those two days on April 15 at 19:00 at K\u00fclt Kavakl\u0131dere (Yan Salon)<\/p>\n\n\n\n<p>We\u2019ll be watching the short films produced in just two days, side by side, on the same screen.<br>Our focus is not so much on competition, but on coming together, creating collectively, and exploring what we can build in Ankara.<\/p>\n<\/div>\n<\/div>\n<\/div>\n<\/div>\n<\/div>\n\n\n\n<p><\/p>","protected":false},"excerpt":{"rendered":"<p>Yakla\u015fan Etkinlikler \u0130kinci Match Cut Collective Networking Gecesi \ud83d\udcc5 24 Mart Sal\u0131\ud83d\udd61 18.30 &#8211; 22.00\ud83d\udccd Tenedos Pub Ankara Ankara\u2019da film yapan, yapmak isteyen ya da bu d\u00fcnyaya bir ucundan dokunmak isteyen herkesi ikinci bulu\u015fmam\u0131za bekliyoruz. Amac\u0131m\u0131z; tan\u0131\u015fmak, sohbet etmek ve \u015fehirde kimlerin ne \u00fcretti\u011fini birlikte g\u00f6rmek. Yeni ba\u011flant\u0131lar kurmak isteyen herkese a\u00e7\u0131k. GR8HRS K\u0131sa Film [&hellip;]<\/p>\n","protected":false},"author":1,"featured_media":108,"parent":0,"menu_order":0,"comment_status":"closed","ping_status":"closed","template":"page-with-title","meta":{"footnotes":""},"class_list":["post-39","page","type-page","status-publish","has-post-thumbnail","hentry"],"_links":{"self":[{"href":"https:\/\/matchcutcollective.com\/en\/wp-json\/wp\/v2\/pages\/39","targetHints":{"allow":["GET"]}}],"collection":[{"href":"https:\/\/matchcutcollective.com\/en\/wp-json\/wp\/v2\/pages"}],"about":[{"href":"https:\/\/matchcutcollective.com\/en\/wp-json\/wp\/v2\/types\/page"}],"author":[{"embeddable":true,"href":"https:\/\/matchcutcollective.com\/en\/wp-json\/wp\/v2\/users\/1"}],"replies":[{"embeddable":true,"href":"https:\/\/matchcutcollective.com\/en\/wp-json\/wp\/v2\/comments?post=39"}],"version-history":[{"count":8,"href":"https:\/\/matchcutcollective.com\/en\/wp-json\/wp\/v2\/pages\/39\/revisions"}],"predecessor-version":[{"id":158,"href":"https:\/\/matchcutcollective.com\/en\/wp-json\/wp\/v2\/pages\/39\/revisions\/158"}],"wp:featuredmedia":[{"embeddable":true,"href":"https:\/\/matchcutcollective.com\/en\/wp-json\/wp\/v2\/media\/108"}],"wp:attachment":[{"href":"https:\/\/matchcutcollective.com\/en\/wp-json\/wp\/v2\/media?parent=39"}],"curies":[{"name":"wp","href":"https:\/\/api.w.org\/{rel}","templated":true}]}}