{"id":40,"date":"2026-01-30T14:25:40","date_gmt":"2026-01-30T14:25:40","guid":{"rendered":"https:\/\/matchcutcollective.com\/ana-sayfa\/"},"modified":"2026-04-17T14:52:00","modified_gmt":"2026-04-17T11:52:00","slug":"ana-sayfa","status":"publish","type":"page","link":"https:\/\/matchcutcollective.com\/en\/","title":{"rendered":"Ana Sayfa"},"content":{"rendered":"<div class=\"wp-block-group alignfull is-style-ext-preset--group--natural-1--section has-background-background-color has-background has-global-padding is-layout-constrained wp-block-group-is-layout-constrained\" style=\"margin-top:0;margin-bottom:0;padding-top:var(--wp--preset--spacing--50);padding-bottom:var(--wp--preset--spacing--70)\">\n<div class=\"wp-block-columns alignwide is-layout-flex wp-container-core-columns-is-layout-08c01c1c wp-block-columns-is-layout-flex\">\n<div class=\"wp-block-column is-vertically-aligned-stretch is-layout-flow wp-block-column-is-layout-flow\">\n<div class=\"wp-block-cover is-light is-style-ext-preset--image--natural-1--image-1--content-left extendify-image-import is-style-ext-preset--image--natural-1--image-1--content-left--2\" style=\"min-height:100%;aspect-ratio:unset;\"><img decoding=\"async\" class=\"wp-block-cover__image-background\" alt=\"\" src=\"https:\/\/images.unsplash.com\/photo-1493804714600-6edb1cd93080?ixid=M3w0MzUxNjF8MHwxfHNlYXJjaHwzfHxmaWxtJTIwY2FtZXJhfGVufDB8fHx8MTc2OTM2NDQzMXww&amp;ixlib=rb-4.1.0&amp;orientation=landscape?fit=crop&amp;crop=entropy%2Cfaces&amp;auto=format%2Ccompress&amp;w=1280\" data-object-fit=\"cover\"\/><span aria-hidden=\"true\" class=\"wp-block-cover__background has-background-dim-0 has-background-dim\"><\/span><div class=\"wp-block-cover__inner-container is-layout-flow wp-block-cover-is-layout-flow\">\n<div style=\"height:320px\" aria-hidden=\"true\" class=\"wp-block-spacer\"><\/div>\n<\/div><\/div>\n<\/div>\n\n\n\n<div class=\"wp-block-column is-vertically-aligned-stretch is-layout-flow wp-block-column-is-layout-flow\">\n<div class=\"wp-block-group alignwide is-style-ext-preset--group--natural-1--item-card-1--align-start has-tertiary-background-color has-background is-nowrap is-layout-flex wp-container-core-group-is-layout-bcde1d39 wp-block-group-is-layout-flex is-style-ext-preset--group--natural-1--item-card-1--align-start--3\" style=\"min-height:100%;padding-top:0;padding-right:0;padding-bottom:0;padding-left:0\">\n<div class=\"wp-block-group alignwide is-vertical is-layout-flex wp-container-core-group-is-layout-fa0d61a1 wp-block-group-is-layout-flex\" style=\"padding-top:var(--wp--preset--spacing--50);padding-right:var(--wp--preset--spacing--50);padding-bottom:var(--wp--preset--spacing--50);padding-left:var(--wp--preset--spacing--50)\">\n<div class=\"wp-block-group has-global-padding is-layout-constrained wp-container-core-group-is-layout-812d5580 wp-block-group-is-layout-constrained\" style=\"padding-top:0;padding-right:0;padding-bottom:0;padding-left:0\">\n<h1 class=\"wp-block-heading has-xx-large-font-size\">A new community for filmmakers in Ankara. <\/h1>\n\n\n\n<p style=\"font-size:clamp(14px, 0.875rem + ((1vw - 3.2px) * 0.417), 18px);\">MatchCut Collective was founded to bring together filmmakers in Ankara. We're not just here to meet - we're here to create and collaborate together.<\/p>\n<\/div>\n\n\n\n<div class=\"wp-block-buttons is-layout-flex wp-block-buttons-is-layout-flex\">\n<div class=\"wp-block-button is-style-ext-preset--button--natural-1--button-1 is-style-ext-preset--button--natural-1--button-1--4\"><a class=\"wp-block-button__link has-foreground-background-color has-background wp-element-button\" href=\"https:\/\/matchcutcollective.com\/en\/kolektif\/\">Join Us!<\/a><\/div>\n<\/div>\n<\/div>\n<\/div>\n<\/div>\n<\/div>\n<\/div>\n\n\n\n<div class=\"wp-block-group alignfull is-style-ext-preset--group--natural-1--section has-foreground-background-color has-background has-global-padding is-layout-constrained wp-block-group-is-layout-constrained\" id=\"hakkimizda\" style=\"margin-top:0;margin-bottom:0;padding-top:var(--wp--preset--spacing--70);padding-bottom:var(--wp--preset--spacing--70)\">\n<div class=\"wp-block-group alignwide has-foreground-color has-text-color has-link-color wp-elements-f41c4e6d374020c518bae1d5ac46a6ea is-vertical is-content-justification-center is-layout-flex wp-container-core-group-is-layout-c9ee0c5a wp-block-group-is-layout-flex\">\n<div class=\"wp-block-group has-global-padding is-layout-constrained wp-container-core-group-is-layout-2287c683 wp-block-group-is-layout-constrained\">\n<h2 class=\"wp-block-heading has-text-align-center has-background-color has-text-color has-link-color wp-elements-e868d0a8c709cccaf2c014af93fbb81d\">\u0130lk GR848 HRS Yar\u0131\u015fmam\u0131z Tamamland\u0131!<\/h2>\n\n\n\n<p class=\"has-text-align-center has-background-color has-text-color has-link-color wp-elements-4b4e042fed44eba95d5f85e72abf1394\">Match Cut Collective&#8217;in ilk resmi 48 saatlik k\u0131sa film yar\u0131\u015fmas\u0131 GR8 48HRS, 15 Nisan ak\u015fam\u0131 K\u00fclt Kavakl\u0131dere Yan Salon&#8217;da ger\u00e7ekle\u015fen g\u00f6sterim ve \u00f6d\u00fcl t\u00f6reniyle tamamland\u0131. 23 ba\u015fvurunun 19&#8217;u halka a\u00e7\u0131k g\u00f6sterimde yer ald\u0131. 212 oyla seyirci \u00f6d\u00fcl\u00fc g\u00f6sterimler sonras\u0131 belirlendi. <\/p>\n\n\n\n<p class=\"has-text-align-center has-background-color has-text-color has-link-color wp-elements-0a4f26f2243e8e8c62bec733a54e5841\"><strong>Kazananlar:<\/strong><\/p>\n\n\n\n<p class=\"has-text-align-center has-background-color has-text-color has-link-color wp-elements-db98c9aaf22e278c67dc2a3efafb863d\"><strong>Birincilik ve Seyirci \u00d6d\u00fcl\u00fc<\/strong><\/p>\n\n\n\n<p class=\"has-text-align-center has-background-color has-text-color has-link-color wp-elements-7e79ee1c5c8e189c6f5aafb7ab69fd22\"><strong> \u2018Serukanu\u2019<\/strong> <br>Y\u00f6netmen: Yama\u00e7 \u0130bano\u011flu<br>Yap\u0131m: Sekizk\u0131rk<br>G\u00f6r\u00fcnt\u00fc Y\u00f6netmeni: Deniz G\u00f6\u00e7men<br>Kurgu: Taha Bayramo\u011flu<br>Oyuncular: Berke Benli &amp; Serkan Kavakl\u0131<\/p>\n\n\n\n<p class=\"has-text-align-center has-background-color has-text-color has-link-color wp-elements-9070884823d14f8b35902717f9eec921\"><strong>\u0130kincilik \u00d6d\u00fcl\u00fc<\/strong><\/p>\n\n\n\n<p class=\"has-text-align-center has-background-color has-text-color has-link-color wp-elements-50d13e5a8969937c198da9f578b82d54\"><strong>\u2018City Marks\u2019<\/strong><br>Y\u00f6netmen &amp; Kurgu: Naz \u00d6nen G\u00fcndo\u011fdu<br>Yap\u0131mc\u0131: Derya \u00c7atal<br>Orijinal M\u00fczik: Deniz Tekin, Dilan Balkay &amp; Geeva Flava<br>Oyuncular: \u00d6zbir Erciyas &amp; Vardal \u00c7ani\u015f<\/p>\n\n\n\n<p class=\"has-text-align-center has-background-color has-text-color has-link-color wp-elements-3ee05e51169cab2d458a05d134cc3dae\"><strong>\u00dc\u00e7\u00fcnc\u00fcl\u00fck<\/strong> <strong>\u00d6d\u00fcl\u00fc<\/strong><\/p>\n\n\n\n<p class=\"has-text-align-center has-background-color has-text-color has-link-color wp-elements-8fa7683591447ecc580c8007b8675ee1\"><strong>\u2018Hepsi Benim\u2019<\/strong><br>Y\u00f6netmen: Derya Deniz Kutum<br>Kurgu: Zehranur Kutum<br>Oyuncu: G\u00f6khan Kutum<\/p>\n<\/div>\n<\/div>\n<\/div>\n\n\n\n<div class=\"wp-block-group alignfull is-style-ext-preset--group--natural-1--section has-primary-background-color has-background has-global-padding is-layout-constrained wp-block-group-is-layout-constrained\" id=\"hakkimizda\" style=\"margin-top:0;margin-bottom:0;padding-top:var(--wp--preset--spacing--70);padding-bottom:var(--wp--preset--spacing--70)\">\n<div class=\"wp-block-group alignwide has-foreground-color has-text-color has-link-color wp-elements-eaaa8af54b0ee22d5c0c9c87fba35d9e is-vertical is-content-justification-center is-layout-flex wp-container-core-group-is-layout-c9ee0c5a wp-block-group-is-layout-flex\">\n<div class=\"wp-block-group has-global-padding is-layout-constrained wp-container-core-group-is-layout-2287c683 wp-block-group-is-layout-constrained\">\n<h2 class=\"wp-block-heading has-text-align-center has-foreground-color has-text-color has-link-color wp-elements-0381f609a4222e7bc740b3648cece764\">Stronger together!<\/h2>\n\n\n\n<p class=\"has-text-align-center has-foreground-color has-text-color has-link-color wp-elements-9ac5ad0a111fc95b1815f802a4eb2759\">Ankara is home to many passionate filmmakers, but not a lot of ways for us to connect. Everyone is stuck on their own or working on their own thing. But imagine what we could do if we all came together.<\/p>\n\n\n\n<p class=\"has-text-align-center has-foreground-color has-text-color has-link-color wp-elements-5197cbe64f71023e35d5f83ad4b23bc0\">That's why we started MatchCut Collective. A way to connect the right people with the right projects. \u2013 to work together, to create together.<\/p>\n\n\n\n<p class=\"has-text-align-center has-foreground-color has-text-color has-link-color wp-elements-164c7dac299f33dcaa48fb3791bf602c\">We're shaping this community together. From networking nights to technical workshops, screenplay reading groups to film competitions - whatever we need, we plan together, and we grow together.<\/p>\n\n\n\n<p class=\"has-text-align-center has-foreground-color has-text-color has-link-color wp-elements-b3a3a5ad33a26bf2ce16c40a0772691c\">We want to bring together the creative energy of Ankara and unlock its true potential. This can't be done alone - but together, it can.<\/p>\n<\/div>\n<\/div>\n<\/div>\n\n\n\n<div class=\"wp-block-group alignfull is-style-ext-preset--group--natural-1--section has-background-background-color has-background has-global-padding is-layout-constrained wp-container-core-group-is-layout-e955bbaf wp-block-group-is-layout-constrained\" id=\"etkinlikler\" style=\"margin-top:0;margin-bottom:0;padding-top:var(--wp--preset--spacing--70);padding-bottom:var(--wp--preset--spacing--70)\">\n<div class=\"wp-block-group alignwide is-vertical is-content-justification-left is-layout-flex wp-container-core-group-is-layout-214d3d4d wp-block-group-is-layout-flex\">\n<div class=\"wp-block-group has-global-padding is-layout-constrained wp-container-core-group-is-layout-2287c683 wp-block-group-is-layout-constrained\">\n<h2 class=\"wp-block-heading\">Upcoming Events<\/h2>\n\n\n\n<p><\/p>\n<\/div>\n<\/div>\n\n\n\n<div class=\"wp-block-columns alignwide is-layout-flex wp-container-core-columns-is-layout-08c01c1c wp-block-columns-is-layout-flex\">\n<div class=\"wp-block-column is-vertically-aligned-stretch is-layout-flow wp-block-column-is-layout-flow\">\n<div class=\"wp-block-group is-style-ext-preset--group--natural-1--item-card-1--align-start has-global-padding is-layout-constrained wp-block-group-is-layout-constrained is-style-ext-preset--group--natural-1--item-card-1--align-start--8\">\n<div class=\"wp-block-group is-style-default has-global-padding is-layout-constrained wp-block-group-is-layout-constrained\">\n<h3 class=\"wp-block-heading\">GR8 48HRS Short Film Competition Screening Night<\/h3>\n\n\n\n<p>\ud83d\udcc5 15 April 2026<br>\ud83d\udd61 19.00<br>\ud83d\udccd K\u00fclt Kavakl\u0131dere &#8211; Yan Salon<\/p>\n\n\n\n<p>Following the 48-hour film marathon that took place on March 13\u201315, we\u2019re coming together to watch all the films created during those two days on April 15 at 19:00 at K\u00fclt Kavakl\u0131dere (Yan Salon)<\/p>\n\n\n\n<p>Our aim is simple: to meet, to talk, and to discover together who is creating what in the city.<\/p>\n\n\n\n<p>It\u2019s open to anyone who wants to build new connections.<\/p>\n<\/div>\n<\/div>\n<\/div>\n\n\n\n<div class=\"wp-block-column is-vertically-aligned-stretch is-layout-flow wp-block-column-is-layout-flow\">\n<div class=\"wp-block-group is-style-ext-preset--group--natural-1--item-card-1--align-start has-global-padding is-layout-constrained wp-block-group-is-layout-constrained is-style-ext-preset--group--natural-1--item-card-1--align-start--9\">\n<div class=\"wp-block-group is-style-default has-global-padding is-layout-constrained wp-block-group-is-layout-constrained\">\n<h3 class=\"wp-block-heading\">\u00dc\u00e7\u00fcnc\u00fc Match Cut Collective Networking Gecesi<\/h3>\n\n\n\n<p>AFSAD ULUSLARARASI KISA F\u0130LM YARI\u015eMASI \u0130LE ORTAK!<\/p>\n\n\n\n<p>\ud83d\udcc5 18 Mart Cumartesi<br>\ud83d\udd61 21.00 &#8211; 11.30<br>\ud83d\udccd Route K\u0131z\u0131lay<\/p>\n\n\n\n<p>Ankara\u2019da film yapan, yapmak isteyen ya da bu d\u00fcnyaya bir ucundan dokunmak isteyen herkesi \u00fc\u00e7\u00fcnc\u00fc bulu\u015fmam\u0131za bekliyoruz.<\/p>\n\n\n\n<p>Our aim is simple: to meet, to talk, and to discover together who is creating what in the city.<\/p>\n\n\n\n<p>It\u2019s open to anyone who wants to build new connections.<\/p>\n<\/div>\n<\/div>\n<\/div>\n\n\n\n<div class=\"wp-block-column is-vertically-aligned-stretch is-layout-flow wp-block-column-is-layout-flow\">\n<div class=\"wp-block-group is-style-ext-preset--group--natural-1--item-card-1--align-start has-global-padding is-layout-constrained wp-block-group-is-layout-constrained is-style-ext-preset--group--natural-1--item-card-1--align-start--10\">\n<div class=\"wp-block-group is-style-default has-global-padding is-layout-constrained wp-block-group-is-layout-constrained\">\n<h3 class=\"wp-block-heading\">Screenwriting Laboratuvar\u0131<\/h3>\n\n\n\n<p><\/p>\n\n\n\n<p><\/p>\n\n\n\n<p>\ud83d\udcc5 Yak\u0131nda a\u00e7\u0131klanacak!<\/p>\n\n\n\n<p>Detaylar \u00e7ok yak\u0131nda!<\/p>\n\n\n\n<p><\/p>\n<\/div>\n<\/div>\n<\/div>\n<\/div>\n<\/div>","protected":false},"excerpt":{"rendered":"<p>Ankara&#8217;da Film Yapanlar \u0130\u00e7in Yeni Bir Topluluk MatchCut Collective, Ankara&#8217;daki film yapanlar\u0131 bir araya getirmek i\u00e7in kuruldu. Sadece tan\u0131\u015fmak i\u00e7in de\u011fil, birlikte \u00e7al\u0131\u015fmak ve birlikte \u00fcretmek i\u00e7in buraday\u0131z. \u0130lk GR848 HRS Yar\u0131\u015fmam\u0131z Tamamland\u0131! Match Cut Collective&#8217;in ilk resmi 48 saatlik k\u0131sa film yar\u0131\u015fmas\u0131 GR8 48HRS, 15 Nisan ak\u015fam\u0131 K\u00fclt Kavakl\u0131dere Yan Salon&#8217;da ger\u00e7ekle\u015fen g\u00f6sterim ve [&hellip;]<\/p>\n","protected":false},"author":1,"featured_media":0,"parent":0,"menu_order":0,"comment_status":"closed","ping_status":"closed","template":"no-title","meta":{"footnotes":""},"class_list":["post-40","page","type-page","status-publish","hentry"],"_links":{"self":[{"href":"https:\/\/matchcutcollective.com\/en\/wp-json\/wp\/v2\/pages\/40","targetHints":{"allow":["GET"]}}],"collection":[{"href":"https:\/\/matchcutcollective.com\/en\/wp-json\/wp\/v2\/pages"}],"about":[{"href":"https:\/\/matchcutcollective.com\/en\/wp-json\/wp\/v2\/types\/page"}],"author":[{"embeddable":true,"href":"https:\/\/matchcutcollective.com\/en\/wp-json\/wp\/v2\/users\/1"}],"replies":[{"embeddable":true,"href":"https:\/\/matchcutcollective.com\/en\/wp-json\/wp\/v2\/comments?post=40"}],"version-history":[{"count":15,"href":"https:\/\/matchcutcollective.com\/en\/wp-json\/wp\/v2\/pages\/40\/revisions"}],"predecessor-version":[{"id":172,"href":"https:\/\/matchcutcollective.com\/en\/wp-json\/wp\/v2\/pages\/40\/revisions\/172"}],"wp:attachment":[{"href":"https:\/\/matchcutcollective.com\/en\/wp-json\/wp\/v2\/media?parent=40"}],"curies":[{"name":"wp","href":"https:\/\/api.w.org\/{rel}","templated":true}]}}